{"id":204,"date":"2019-06-06T12:30:27","date_gmt":"2019-06-06T12:30:27","guid":{"rendered":"http:\/\/britishentertainment.de\/?page_id=204"},"modified":"2024-02-03T11:55:05","modified_gmt":"2024-02-03T11:55:05","slug":"referenzen","status":"publish","type":"page","link":"https:\/\/britishentertainment.de\/?page_id=204","title":{"rendered":"Referenzen"},"content":{"rendered":"\n<div class=\"wp-block-columns has-2-columns is-layout-flex wp-container-core-columns-is-layout-9d6595d7 wp-block-columns-is-layout-flex\">\n<div class=\"wp-block-column is-layout-flow wp-block-column-is-layout-flow\">\n<p><strong>ANDY<\/strong><\/p>\n\n\n\n<p><strong>Auftraggeber:<\/strong> UK Pavilion, EXPO, P&amp;O Princess Cruises, SAS Radisson Hotel, House of Jaguar, Nord\/LB, Blaupunkt, British Army, Hannover &amp; Oldenburg Messen, Hellmann Spedition, DEVK, REWE, Continental AG; Kinder in Not, Novotel, Hamburg British Day, Land Sachsen-Anhalt, LandThuringen <br> <br><strong>St\u00e4dte<\/strong>: Bremerhaven, Burgdorf, Delbr\u00fcck, Delligsen, Duderstadt, Hemmingen, Hildesheim, Holzminden, K\u00fchlungsborn, Laatzen, Monheim, Neckarsulm, Porta Westfalica, Prerow, Rinteln, Rodenburg, Uslar, Wilhelmshaven, Zingst<br> <br>mehrere Kulturvereine und viele Private Events (Hochzeit, Geburtstag, Jubil\u00e4um, Familienfest)<\/p>\n\n\n\n<p>viele Restaurants &amp; Pubs<\/p>\n\n\n\n<p>viele VHS f\u00fcr Fortbildung, Kurse, Unterricht-Event, Show<\/p>\n\n\n\n<p><strong>Kinder Mitmach Show<\/strong> \u2013 \u00fcber 150 Mal in Grundchulen, Kindergarten, SEK 1<\/p>\n\n\n\n<p>UND davor in UK<\/p>\n<\/div>\n\n\n\n<div class=\"wp-block-column is-layout-flow wp-block-column-is-layout-flow\">\n<p><strong>MATTHIAS<\/strong><\/p>\n\n\n\n<p><strong>Auftritte<\/strong> <strong>mit: <\/strong>Udo Lindenberg, Hannes Wade, Ulrich Roski, Liederjan, Zupfgeigenhansel, Samuel Koch, Konstantin Wecker, G\u00f6tz Alsmann, Wigald Boning, Ingolf L\u00fcck\u2026<\/p>\n\n\n\n<p><strong>Theater: <\/strong>Deutsches Theater G\u00f6ttingen &amp; M\u00fcnchen, Frankfurter Volkstheater, Theatersaal Langenhagen, Theaterhaus Stuttgart, Theater am K\u00fcchengarten (tak)<\/p>\n\n\n\n<p><strong>Auftraggeber: <\/strong>Langnese-Iglo, Wiedemann, Preussag-AG, Schering AG, ContiTech, Maxdata, Karstadt, Baan Deutschland GmbH, Georg-Westermann-Verlag, Schroedel-Verlag, Siemens AG, VW&nbsp;Wolfsburg, Metro AG, Howmedica GmbH, Hoffmann-La Roche, DaimlerChrysler.<\/p>\n\n\n\n<p>Banken: Post-, DG-, VW, Berlin-Hannoversche Hypotheken-, Hypovereins- Tirol-, Spiel- Bad Zwischenahn, mehrere Volksbanken, mehrere Sparkasse, mehrere Landtage, Deutsche Stiftung Weltbev\u00f6lkerung,  EXPO 2000, Tag der Niedersachsen (Oldenburg, Wolfenb\u00fcttel, Nienburg, Meppen)<\/p>\n\n\n\n<p>Universit\u00e4ten L\u00fcneburg, Hannover &amp; Oldenburg,  Didakta Verband,  mehrere Volkshochschulverb\u00e4nde &amp; Volkshochschulen, mehrere Gewerkschaften &amp; Akademien, viele Kirchen, Kirchentage &amp; Konferenzen<\/p>\n<\/div>\n<\/div>\n","protected":false},"excerpt":{"rendered":"<p>ANDY Auftraggeber: UK Pavilion, EXPO, P&amp;O Princess Cruises, SAS Radisson Hotel, House of Jaguar, Nord\/LB, Blaupunkt, British Army, Hannover &amp; Oldenburg Messen, Hellmann Spedition, DEVK, REWE, Continental AG; Kinder in Not, Novotel, Hamburg British Day, Land Sachsen-Anhalt, LandThuringen St\u00e4dte: Bremerhaven, Burgdorf, Delbr\u00fcck, Delligsen, Duderstadt, Hemmingen, Hildesheim, Holzminden, K\u00fchlungsborn, Laatzen, Monheim, Neckarsulm, Porta Westfalica, Prerow, Rinteln, &hellip; <\/p>\n<p class=\"link-more\"><a href=\"https:\/\/britishentertainment.de\/?page_id=204\" class=\"more-link\"><span class=\"screen-reader-text\">\u201eReferenzen\u201c<\/span> weiterlesen<\/a><\/p>\n","protected":false},"author":1,"featured_media":0,"parent":0,"menu_order":0,"comment_status":"closed","ping_status":"closed","template":"","meta":{"footnotes":""},"class_list":["post-204","page","type-page","status-publish","hentry"],"_links":{"self":[{"href":"https:\/\/britishentertainment.de\/index.php?rest_route=\/wp\/v2\/pages\/204","targetHints":{"allow":["GET"]}}],"collection":[{"href":"https:\/\/britishentertainment.de\/index.php?rest_route=\/wp\/v2\/pages"}],"about":[{"href":"https:\/\/britishentertainment.de\/index.php?rest_route=\/wp\/v2\/types\/page"}],"author":[{"embeddable":true,"href":"https:\/\/britishentertainment.de\/index.php?rest_route=\/wp\/v2\/users\/1"}],"replies":[{"embeddable":true,"href":"https:\/\/britishentertainment.de\/index.php?rest_route=%2Fwp%2Fv2%2Fcomments&post=204"}],"version-history":[{"count":5,"href":"https:\/\/britishentertainment.de\/index.php?rest_route=\/wp\/v2\/pages\/204\/revisions"}],"predecessor-version":[{"id":494,"href":"https:\/\/britishentertainment.de\/index.php?rest_route=\/wp\/v2\/pages\/204\/revisions\/494"}],"wp:attachment":[{"href":"https:\/\/britishentertainment.de\/index.php?rest_route=%2Fwp%2Fv2%2Fmedia&parent=204"}],"curies":[{"name":"wp","href":"https:\/\/api.w.org\/{rel}","templated":true}]}}