{"id":278,"date":"2019-09-30T15:46:11","date_gmt":"2019-09-30T15:46:11","guid":{"rendered":"http:\/\/britishentertainment.de\/?page_id=278"},"modified":"2022-09-16T15:28:30","modified_gmt":"2022-09-16T15:28:30","slug":"effektives-lernen","status":"publish","type":"page","link":"https:\/\/britishentertainment.de\/?page_id=278","title":{"rendered":"Effektives Lernen"},"content":{"rendered":"<p>Effektives Lernen kann mit konventionellen Ans\u00e4tzen inkl. Instruktion und Lehrwerke nicht stattfinden, da sie folgende Verfehlungen beinhalten:<\/p>\n<ul>\n<li>sie treffen nur geringf\u00fcgig die Empfehlungen aus der Neuro-Didaktik.<\/li>\n<li>sie fangen nicht auf der konkreten Lernebene an.<\/li>\n<li>sie erm\u00f6glichen kaum Interaktivit\u00e4t.<\/li>\n<\/ul>\n<p>Hier wird folgendes angeboten<\/p>\n<p><strong>Einf\u00fchrung und Hintergrund<\/strong><\/p>\n<p>Sehr wichtig, um die Basis f\u00fcr Effektives Lernen zu verstehen<\/p>\n<p><strong>Fortbildungen, Workshops, Konferenz-Vortr\u00e4ge<\/strong><\/p>\n<ul>\n<li>Mathematik \u2013 Mengen und Arithmetik<\/li>\n<li>Mathematik \u2013 Primar \u2013 Themen<\/li>\n<li>Mathematik 5. \u2013 8. Klasse<\/li>\n<li>Muttersprache und weitere Sprachen<\/li>\n<li>Englisch als zweite Sprache<\/li>\n<li>Kooperative Spiele und Tanz<\/li>\n<\/ul>\n<p><strong>Website f\u00fcr You Tube Videos: Mengen, Arithmetik<br \/><\/strong><\/p>\n\n\n<div class=\"wp-block-buttons is-layout-flex wp-block-buttons-is-layout-flex\">\n<div class=\"wp-block-button\"><a class=\"wp-block-button__link has-black-color has-vivid-cyan-blue-background-color has-text-color has-background\" href=\"https:\/\/do-talk-think.de\" target=\"_blank\" rel=\"noreferrer noopener\">www.do-talk-think.de<\/a><\/div>\n<\/div>\n","protected":false},"excerpt":{"rendered":"<p>Effektives Lernen kann mit konventionellen Ans\u00e4tzen inkl. Instruktion und Lehrwerke nicht stattfinden, da sie folgende Verfehlungen beinhalten: sie treffen nur geringf\u00fcgig die Empfehlungen aus der Neuro-Didaktik. sie fangen nicht auf der konkreten Lernebene an. sie erm\u00f6glichen kaum Interaktivit\u00e4t. Hier wird folgendes angeboten Einf\u00fchrung und Hintergrund Sehr wichtig, um die Basis f\u00fcr Effektives Lernen zu verstehen &hellip; <\/p>\n<p class=\"link-more\"><a href=\"https:\/\/britishentertainment.de\/?page_id=278\" class=\"more-link\"><span class=\"screen-reader-text\">\u201eEffektives Lernen\u201c<\/span> weiterlesen<\/a><\/p>\n","protected":false},"author":1,"featured_media":0,"parent":0,"menu_order":0,"comment_status":"closed","ping_status":"closed","template":"","meta":{"footnotes":""},"class_list":["post-278","page","type-page","status-publish","hentry"],"_links":{"self":[{"href":"https:\/\/britishentertainment.de\/index.php?rest_route=\/wp\/v2\/pages\/278","targetHints":{"allow":["GET"]}}],"collection":[{"href":"https:\/\/britishentertainment.de\/index.php?rest_route=\/wp\/v2\/pages"}],"about":[{"href":"https:\/\/britishentertainment.de\/index.php?rest_route=\/wp\/v2\/types\/page"}],"author":[{"embeddable":true,"href":"https:\/\/britishentertainment.de\/index.php?rest_route=\/wp\/v2\/users\/1"}],"replies":[{"embeddable":true,"href":"https:\/\/britishentertainment.de\/index.php?rest_route=%2Fwp%2Fv2%2Fcomments&post=278"}],"version-history":[{"count":4,"href":"https:\/\/britishentertainment.de\/index.php?rest_route=\/wp\/v2\/pages\/278\/revisions"}],"predecessor-version":[{"id":425,"href":"https:\/\/britishentertainment.de\/index.php?rest_route=\/wp\/v2\/pages\/278\/revisions\/425"}],"wp:attachment":[{"href":"https:\/\/britishentertainment.de\/index.php?rest_route=%2Fwp%2Fv2%2Fmedia&parent=278"}],"curies":[{"name":"wp","href":"https:\/\/api.w.org\/{rel}","templated":true}]}}