{"id":286,"date":"2019-11-15T15:19:54","date_gmt":"2019-11-15T15:19:54","guid":{"rendered":"http:\/\/britishentertainment.de\/?page_id=286"},"modified":"2024-04-03T14:43:39","modified_gmt":"2024-04-03T14:43:39","slug":"solo-program","status":"publish","type":"page","link":"https:\/\/britishentertainment.de\/?page_id=286","title":{"rendered":"SING-A-LONG SOLO PROGRAMS"},"content":{"rendered":"\n<div class=\"wp-block-columns is-layout-flex wp-container-core-columns-is-layout-9d6595d7 wp-block-columns-is-layout-flex\">\n<div class=\"wp-block-column is-layout-flow wp-block-column-is-layout-flow\">\n<figure class=\"wp-block-image size-large is-resized\"><img loading=\"lazy\" decoding=\"async\" width=\"771\" height=\"1024\" src=\"https:\/\/britishentertainment.de\/wp-content\/uploads\/2024\/04\/Andy-Reed-singing-English-A-leichte-771x1024.jpg\" alt=\"\" class=\"wp-image-535\" style=\"width:339px;height:auto\" srcset=\"https:\/\/britishentertainment.de\/wp-content\/uploads\/2024\/04\/Andy-Reed-singing-English-A-leichte-771x1024.jpg 771w, https:\/\/britishentertainment.de\/wp-content\/uploads\/2024\/04\/Andy-Reed-singing-English-A-leichte-226x300.jpg 226w, https:\/\/britishentertainment.de\/wp-content\/uploads\/2024\/04\/Andy-Reed-singing-English-A-leichte-768x1020.jpg 768w, https:\/\/britishentertainment.de\/wp-content\/uploads\/2024\/04\/Andy-Reed-singing-English-A-leichte-1156x1536.jpg 1156w, https:\/\/britishentertainment.de\/wp-content\/uploads\/2024\/04\/Andy-Reed-singing-English-A-leichte-1542x2048.jpg 1542w, https:\/\/britishentertainment.de\/wp-content\/uploads\/2024\/04\/Andy-Reed-singing-English-A-leichte-scaled.jpg 1927w\" sizes=\"auto, (max-width: 767px) 89vw, (max-width: 1000px) 54vw, (max-width: 1071px) 543px, 580px\" \/><\/figure>\n<\/div>\n\n\n\n<div class=\"wp-block-column is-layout-flow wp-block-column-is-layout-flow\">\n<h2 class=\"wp-block-heading has-vivid-red-color has-text-color has-link-color has-large-font-size wp-elements-1bdcf9c4eb4feb4a6bc319a277ebaa22\"><strong><strong>BEST OF BRITISH<\/strong><\/strong> and  <strong><strong>BEST OF SEA AND SHANTYS<\/strong><\/strong><\/h2>\n\n\n\n<div class=\"wp-block-buttons is-layout-flex wp-block-buttons-is-layout-flex\">\n<div class=\"wp-block-button is-style-outline is-style-outline--1\"><a class=\"wp-block-button__link has-black-color has-text-color has-background has-link-color wp-element-button\" href=\"http:\/\/youtu.be\/lHDAG79pges\" style=\"background-color:#13d100\" target=\"_blank\" rel=\"noreferrer noopener\">You Tube Link &#8211; Film &#8211; 2 Minuten<\/a><\/div>\n<\/div>\n\n\n\n<div class=\"wp-block-buttons is-layout-flex wp-block-buttons-is-layout-flex\">\n<div class=\"wp-block-button\"><a class=\"wp-block-button__link has-black-color has-text-color has-background has-link-color has-text-align-center wp-element-button\" href=\"https:\/\/britishentertainment.de\/?page_id=84\" style=\"background-color:#13d100\" target=\"_blank\" rel=\"noreferrer noopener\">More You Tube Links<\/a><\/div>\n<\/div>\n<\/div>\n<\/div>\n\n\n\n<h2 class=\"wp-block-heading has-vivid-red-color has-text-color has-link-color has-large-font-size wp-elements-7313f60e37dc41f011daa33f7172d0fd\"><strong>Eine One-Man-Show auf hohem Niveau!<\/strong><\/h2>\n\n\n\n<div class=\"wp-block-columns is-layout-flex wp-container-core-columns-is-layout-9d6595d7 wp-block-columns-is-layout-flex\">\n<div class=\"wp-block-column is-layout-flow wp-block-column-is-layout-flow\">\n<p><strong>Einf\u00fchlsame Lieder bis starke Shantys! Du erh\u00e4ltst alle Refrain-Texte \u2013 Poster &amp; Handzettel \u2013 und Du kannst sofort mitsingen.<\/strong><\/p>\n\n\n\n<p><strong>Englische Kenntnisse sind nicht n\u00f6tig.<\/strong><\/p>\n\n\n\n<p>Optionen: <strong>Complete Song Booklet &amp; Anmoderation auf Englisch<\/strong><\/p>\n<\/div>\n\n\n\n<div class=\"wp-block-column is-layout-flow wp-block-column-is-layout-flow\">\n<p><strong>Mit flotter, charmanter Anmoderation auf Deutsch plaudert Andy mal witzig, mal ernsthaft \u00fcber kulturelle und geschichtliche Hintergr\u00fcnde der Lieder.<\/strong><\/p>\n\n\n\n<p><strong>Seine eindrucksvolle Stimme begleitet er mit Gitarre und Akkordeon und Jigs, Reels, Polkas und Hornpipes, die richtig grooven, sind nat\u00fcrlich auch dabei.<\/strong><\/p>\n<\/div>\n<\/div>\n\n\n\n<div class=\"wp-block-columns is-layout-flex wp-container-core-columns-is-layout-9d6595d7 wp-block-columns-is-layout-flex\">\n<div class=\"wp-block-column is-layout-flow wp-block-column-is-layout-flow\">\n<p><em><strong> Be<\/strong><\/em><strong><em>st of British<\/em><\/strong>: auch nach Wahl<\/p>\n\n\n\n<ul class=\"wp-block-list\">\n<li><em><strong>British<\/strong><\/em><\/li>\n\n\n\n<li><em><strong>English<\/strong><\/em><\/li>\n\n\n\n<li><em><strong>Scottish<\/strong><\/em><\/li>\n\n\n\n<li><em><strong>Irish<\/strong><\/em><\/li>\n<\/ul>\n<\/div>\n\n\n\n<div class=\"wp-block-column is-layout-flow wp-block-column-is-layout-flow\">\n<p><strong><em>Moderation: Deutsch oder Englisch<\/em><\/strong><\/p>\n\n\n\n<p><strong><em>Akustisch oder mit Ton-Anlage<\/em><\/strong><\/p>\n\n\n\n<p><strong><em>Ton-Anlage mit Tontechniker kann angeboten werden.<\/em><\/strong><\/p>\n<\/div>\n\n\n\n<div class=\"wp-block-column is-layout-flow wp-block-column-is-layout-flow\">\n<p><strong><em>Honorar oder Hut-Konzert<\/em><\/strong> Risiko gering o. eliminiert<\/p>\n\n\n\n<p><strong><em>Lied-Plakaten und Textzettel zum Mitsingen normalerweise in Honorar enthalten.<\/em><\/strong><\/p>\n\n\n\n<p><strong><em>Mehrwertsteuer befreit<\/em><\/strong><\/p>\n<\/div>\n<\/div>\n\n\n\n<div class=\"wp-block-buttons is-layout-flex wp-block-buttons-is-layout-flex\">\n<div class=\"wp-block-button\"><a class=\"wp-block-button__link has-white-color has-text-color has-background wp-element-button\" href=\"https:\/\/britishentertainment.de\/?page_id=67\" style=\"background-color:#f8040c\" target=\"_blank\" rel=\"noreferrer noopener\">Click hier f\u00fcr BARN &amp; SQUARE TANZ &#8211; eine Option besonders geeignet f\u00fcr private Anl\u00e4sse<\/a><\/div>\n<\/div>\n","protected":false},"excerpt":{"rendered":"<p>BEST OF BRITISH and BEST OF SEA AND SHANTYS Eine One-Man-Show auf hohem Niveau! Einf\u00fchlsame Lieder bis starke Shantys! Du erh\u00e4ltst alle Refrain-Texte \u2013 Poster &amp; Handzettel \u2013 und Du kannst sofort mitsingen. Englische Kenntnisse sind nicht n\u00f6tig. Optionen: Complete Song Booklet &amp; Anmoderation auf Englisch Mit flotter, charmanter Anmoderation auf Deutsch plaudert Andy mal &hellip; <\/p>\n<p class=\"link-more\"><a href=\"https:\/\/britishentertainment.de\/?page_id=286\" class=\"more-link\"><span class=\"screen-reader-text\">\u201eSING-A-LONG SOLO PROGRAMS\u201c<\/span> weiterlesen<\/a><\/p>\n","protected":false},"author":1,"featured_media":0,"parent":0,"menu_order":0,"comment_status":"closed","ping_status":"closed","template":"","meta":{"footnotes":""},"class_list":["post-286","page","type-page","status-publish","hentry"],"_links":{"self":[{"href":"https:\/\/britishentertainment.de\/index.php?rest_route=\/wp\/v2\/pages\/286","targetHints":{"allow":["GET"]}}],"collection":[{"href":"https:\/\/britishentertainment.de\/index.php?rest_route=\/wp\/v2\/pages"}],"about":[{"href":"https:\/\/britishentertainment.de\/index.php?rest_route=\/wp\/v2\/types\/page"}],"author":[{"embeddable":true,"href":"https:\/\/britishentertainment.de\/index.php?rest_route=\/wp\/v2\/users\/1"}],"replies":[{"embeddable":true,"href":"https:\/\/britishentertainment.de\/index.php?rest_route=%2Fwp%2Fv2%2Fcomments&post=286"}],"version-history":[{"count":39,"href":"https:\/\/britishentertainment.de\/index.php?rest_route=\/wp\/v2\/pages\/286\/revisions"}],"predecessor-version":[{"id":538,"href":"https:\/\/britishentertainment.de\/index.php?rest_route=\/wp\/v2\/pages\/286\/revisions\/538"}],"wp:attachment":[{"href":"https:\/\/britishentertainment.de\/index.php?rest_route=%2Fwp%2Fv2%2Fmedia&parent=286"}],"curies":[{"name":"wp","href":"https:\/\/api.w.org\/{rel}","templated":true}]}}