{"id":5,"date":"2019-03-28T16:42:51","date_gmt":"2019-03-28T16:42:51","guid":{"rendered":"http:\/\/britishentertainment.de\/?page_id=5"},"modified":"2024-02-03T11:53:43","modified_gmt":"2024-02-03T11:53:43","slug":"bloeff-stuff","status":"publish","type":"page","link":"https:\/\/britishentertainment.de\/?page_id=5","title":{"rendered":"Bl\u00f6ff Stuff"},"content":{"rendered":"\n<h2 class=\"wp-block-heading\"> <strong>Mr. Reed und Herr Wesslowski haben einen Vogel.<\/strong> <\/h2>\n\n\n\n<div class=\"wp-block-media-text alignwide is-stacked-on-mobile\"><figure class=\"wp-block-media-text__media\"><img loading=\"lazy\" decoding=\"async\" width=\"1024\" height=\"999\" src=\"https:\/\/britishentertainment.de\/wp-content\/uploads\/2019\/04\/Bluff-BestD-Cut-1024x999.jpg\" alt=\"\" class=\"wp-image-61 size-full\" srcset=\"https:\/\/britishentertainment.de\/wp-content\/uploads\/2019\/04\/Bluff-BestD-Cut-1024x999.jpg 1024w, https:\/\/britishentertainment.de\/wp-content\/uploads\/2019\/04\/Bluff-BestD-Cut-300x293.jpg 300w, https:\/\/britishentertainment.de\/wp-content\/uploads\/2019\/04\/Bluff-BestD-Cut-768x750.jpg 768w, https:\/\/britishentertainment.de\/wp-content\/uploads\/2019\/04\/Bluff-BestD-Cut.jpg 1997w\" sizes=\"auto, (max-width: 767px) 89vw, (max-width: 1000px) 54vw, (max-width: 1071px) 543px, 580px\" \/><\/figure><div class=\"wp-block-media-text__content\">\n<p class=\"has-vivid-red-color has-text-color has-large-font-size\"><strong>Stuffed with enuff, bluff, huff and puff!<\/strong><\/p>\n<\/div><\/div>\n\n\n\n<p class=\"has-very-light-gray-color has-vivid-red-background-color has-text-color has-background\">Mixshow mit Illusionen, Feuer, Kultur sowie traditioneller britischer Musik, auch zum Mitsingen. Und all das mit Charme, Understatement und Fluff Guff = deutscher und englischer Humor und Wortwitz. Weit mehr als genough Stuff!<\/p>\n\n\n\n<p>Ein vielf\u00e4ltiges Programm: Andy als charismatischer Conferencier, S\u00e4nger und versierter Instrumentalist (Gitarre,&nbsp;Akkordeon) und Matthias als Illusionist,&nbsp; Philosoph und Wortakrobat. Das ist Variet\u00e9 und Entertainment vom Feinsten. Kein Fu\u00df bleibt still bei den Jigs, Reels und Polkas. Es gibt eine Feuer-Show mit bzw. ohne Flammen, britische Shantys und sanfte traditionelle englische Lieder. Regelm\u00e4\u00dfig erscheinen oder verschwinden Gegenst\u00e4nde. All das mit <em>Fluff Guff<\/em> : deutscher und britischer Humor und Wortwitz.&nbsp;Wegen des Brexits nat\u00fcrlich Moderation auf Deutsch.<\/p>\n\n\n\n<div class=\"wp-block-file\"><a href=\"https:\/\/britishentertainment.de\/wp-content\/uploads\/2019\/05\/Bluff-Stuff-Flyer.pdf\">Bluff Stuff Flyer<\/a><a href=\"https:\/\/britishentertainment.de\/wp-content\/uploads\/2019\/05\/Bluff-Stuff-Flyer.pdf\" class=\"wp-block-file__button\" download>Herunterladen<\/a><\/div>\n\n\n\n<div class=\"wp-block-button\"><a class=\"wp-block-button__link\" href=\"https:\/\/britishentertainment.de\/?page_id=84\"> <strong>Film Clips<\/strong> <\/a><\/div>\n\n\n\n<figure class=\"wp-block-gallery columns-3 is-cropped wp-block-gallery-1 is-layout-flex wp-block-gallery-is-layout-flex\"><ul class=\"blocks-gallery-grid\"><li class=\"blocks-gallery-item\"><figure><img loading=\"lazy\" decoding=\"async\" width=\"411\" height=\"356\" src=\"https:\/\/britishentertainment.de\/wp-content\/uploads\/2019\/05\/Matthias-Zeitung.jpeg\" alt=\"\" data-id=\"191\" data-link=\"https:\/\/britishentertainment.de\/?attachment_id=191\" class=\"wp-image-191\" srcset=\"https:\/\/britishentertainment.de\/wp-content\/uploads\/2019\/05\/Matthias-Zeitung.jpeg 411w, https:\/\/britishentertainment.de\/wp-content\/uploads\/2019\/05\/Matthias-Zeitung-300x260.jpeg 300w\" sizes=\"auto, (max-width: 411px) 100vw, 411px\" \/><\/figure><\/li><li class=\"blocks-gallery-item\"><figure><img loading=\"lazy\" decoding=\"async\" width=\"553\" height=\"1024\" src=\"https:\/\/britishentertainment.de\/wp-content\/uploads\/2019\/03\/Top-super-B-cut-553x1024.jpg\" alt=\"\" data-id=\"27\" data-link=\"https:\/\/britishentertainment.de\/?attachment_id=27\" class=\"wp-image-27\" srcset=\"https:\/\/britishentertainment.de\/wp-content\/uploads\/2019\/03\/Top-super-B-cut-553x1024.jpg 553w, https:\/\/britishentertainment.de\/wp-content\/uploads\/2019\/03\/Top-super-B-cut-162x300.jpg 162w, https:\/\/britishentertainment.de\/wp-content\/uploads\/2019\/03\/Top-super-B-cut-768x1422.jpg 768w\" sizes=\"auto, (max-width: 553px) 100vw, 553px\" \/><\/figure><\/li><li class=\"blocks-gallery-item\"><figure><img loading=\"lazy\" decoding=\"async\" width=\"715\" height=\"1024\" src=\"https:\/\/britishentertainment.de\/wp-content\/uploads\/2019\/05\/Matthias-Feuer-715x1024.jpg\" alt=\"\" data-id=\"190\" data-link=\"https:\/\/britishentertainment.de\/?attachment_id=190\" class=\"wp-image-190\" srcset=\"https:\/\/britishentertainment.de\/wp-content\/uploads\/2019\/05\/Matthias-Feuer-715x1024.jpg 715w, https:\/\/britishentertainment.de\/wp-content\/uploads\/2019\/05\/Matthias-Feuer-209x300.jpg 209w, https:\/\/britishentertainment.de\/wp-content\/uploads\/2019\/05\/Matthias-Feuer-768x1100.jpg 768w\" sizes=\"auto, (max-width: 715px) 100vw, 715px\" \/><\/figure><\/li><\/ul><\/figure>\n","protected":false},"excerpt":{"rendered":"<p>Mr. Reed und Herr Wesslowski haben einen Vogel. Stuffed with enuff, bluff, huff and puff! Mixshow mit Illusionen, Feuer, Kultur sowie traditioneller britischer Musik, auch zum Mitsingen. Und all das mit Charme, Understatement und Fluff Guff = deutscher und englischer Humor und Wortwitz. Weit mehr als genough Stuff! Ein vielf\u00e4ltiges Programm: Andy als charismatischer Conferencier, &hellip; <\/p>\n<p class=\"link-more\"><a href=\"https:\/\/britishentertainment.de\/?page_id=5\" class=\"more-link\"><span class=\"screen-reader-text\">\u201eBl\u00f6ff Stuff\u201c<\/span> weiterlesen<\/a><\/p>\n","protected":false},"author":1,"featured_media":0,"parent":0,"menu_order":0,"comment_status":"closed","ping_status":"closed","template":"","meta":{"footnotes":""},"class_list":["post-5","page","type-page","status-publish","hentry"],"_links":{"self":[{"href":"https:\/\/britishentertainment.de\/index.php?rest_route=\/wp\/v2\/pages\/5","targetHints":{"allow":["GET"]}}],"collection":[{"href":"https:\/\/britishentertainment.de\/index.php?rest_route=\/wp\/v2\/pages"}],"about":[{"href":"https:\/\/britishentertainment.de\/index.php?rest_route=\/wp\/v2\/types\/page"}],"author":[{"embeddable":true,"href":"https:\/\/britishentertainment.de\/index.php?rest_route=\/wp\/v2\/users\/1"}],"replies":[{"embeddable":true,"href":"https:\/\/britishentertainment.de\/index.php?rest_route=%2Fwp%2Fv2%2Fcomments&post=5"}],"version-history":[{"count":30,"href":"https:\/\/britishentertainment.de\/index.php?rest_route=\/wp\/v2\/pages\/5\/revisions"}],"predecessor-version":[{"id":493,"href":"https:\/\/britishentertainment.de\/index.php?rest_route=\/wp\/v2\/pages\/5\/revisions\/493"}],"wp:attachment":[{"href":"https:\/\/britishentertainment.de\/index.php?rest_route=%2Fwp%2Fv2%2Fmedia&parent=5"}],"curies":[{"name":"wp","href":"https:\/\/api.w.org\/{rel}","templated":true}]}}