{"id":67,"date":"2019-04-18T14:21:42","date_gmt":"2019-04-18T14:21:42","guid":{"rendered":"http:\/\/britishentertainment.de\/?page_id=67"},"modified":"2024-03-25T18:05:31","modified_gmt":"2024-03-25T18:05:31","slug":"barn-und-square-tanz","status":"publish","type":"page","link":"https:\/\/britishentertainment.de\/?page_id=67","title":{"rendered":"Barn und Square Tanz"},"content":{"rendered":"\n<div class=\"wp-block-columns is-layout-flex wp-container-core-columns-is-layout-9d6595d7 wp-block-columns-is-layout-flex\">\n<div class=\"wp-block-column is-layout-flow wp-block-column-is-layout-flow\">\n<h2 class=\"wp-block-heading has-text-align-center has-vivid-red-color has-text-color has-link-color has-x-large-font-size wp-elements-006e42b4cfab16a6ea008fbe65074525\"><strong>Partytime &amp;          Spa\u00df<\/strong><\/h2>\n<\/div>\n\n\n\n<div class=\"wp-block-column is-layout-flow wp-block-column-is-layout-flow\">\n<h2 class=\"wp-block-heading has-text-align-center has-vivid-red-color has-text-color has-link-color has-large-font-size wp-elements-cafc402c8e95b296b445953e6cb4ef82\"><strong>Kreis, Gasse, Square, Mixer<\/strong><\/h2>\n<\/div>\n<\/div>\n\n\n\n<figure class=\"wp-block-gallery has-nested-images columns-default is-cropped wp-block-gallery-1 is-layout-flex wp-block-gallery-is-layout-flex\">\n<figure class=\"wp-block-image size-large\"><img loading=\"lazy\" decoding=\"async\" width=\"1024\" height=\"692\" data-id=\"37\" src=\"https:\/\/britishentertainment.de\/wp-content\/uploads\/2019\/03\/Square-Dance-1024x692.jpg\" alt=\"\" class=\"wp-image-37\" srcset=\"https:\/\/britishentertainment.de\/wp-content\/uploads\/2019\/03\/Square-Dance-1024x692.jpg 1024w, https:\/\/britishentertainment.de\/wp-content\/uploads\/2019\/03\/Square-Dance-300x203.jpg 300w, https:\/\/britishentertainment.de\/wp-content\/uploads\/2019\/03\/Square-Dance-768x519.jpg 768w\" sizes=\"auto, (max-width: 767px) 89vw, (max-width: 1000px) 54vw, (max-width: 1071px) 543px, 580px\" \/><\/figure>\n\n\n\n<figure class=\"wp-block-image size-large\"><img loading=\"lazy\" decoding=\"async\" width=\"1024\" height=\"693\" data-id=\"34\" src=\"https:\/\/britishentertainment.de\/wp-content\/uploads\/2019\/03\/Band-1024x693.jpg\" alt=\"\" class=\"wp-image-34\" srcset=\"https:\/\/britishentertainment.de\/wp-content\/uploads\/2019\/03\/Band-1024x693.jpg 1024w, https:\/\/britishentertainment.de\/wp-content\/uploads\/2019\/03\/Band-300x203.jpg 300w, https:\/\/britishentertainment.de\/wp-content\/uploads\/2019\/03\/Band-768x520.jpg 768w\" sizes=\"auto, (max-width: 767px) 89vw, (max-width: 1000px) 54vw, (max-width: 1071px) 543px, 580px\" \/><\/figure>\n\n\n\n<figure class=\"wp-block-image size-large\"><img loading=\"lazy\" decoding=\"async\" width=\"1024\" height=\"691\" data-id=\"36\" src=\"https:\/\/britishentertainment.de\/wp-content\/uploads\/2019\/03\/Regenbogen-1024x691.jpg\" alt=\"\" class=\"wp-image-36\" srcset=\"https:\/\/britishentertainment.de\/wp-content\/uploads\/2019\/03\/Regenbogen-1024x691.jpg 1024w, https:\/\/britishentertainment.de\/wp-content\/uploads\/2019\/03\/Regenbogen-300x202.jpg 300w, https:\/\/britishentertainment.de\/wp-content\/uploads\/2019\/03\/Regenbogen-768x518.jpg 768w\" sizes=\"auto, (max-width: 767px) 89vw, (max-width: 1000px) 54vw, (max-width: 1071px) 543px, 580px\" \/><\/figure>\n<\/figure>\n\n\n\n<div class=\"wp-block-columns is-layout-flex wp-container-core-columns-is-layout-9d6595d7 wp-block-columns-is-layout-flex\">\n<div class=\"wp-block-column is-layout-flow wp-block-column-is-layout-flow\">\n<h2 class=\"wp-block-heading has-text-align-left has-vivid-green-cyan-color has-text-color has-link-color has-large-font-size wp-elements-16715439fe6e9af33532414a3cbf5e5b\"><strong>Zusammenfassung<\/strong><\/h2>\n<\/div>\n\n\n\n<div class=\"wp-block-column is-layout-flow wp-block-column-is-layout-flow\">\n<h1 class=\"wp-block-heading has-text-align-left has-vivid-green-cyan-color has-text-color has-link-color has-large-font-size wp-elements-7ed955f76a0c1604a7924503ca479878\"><strong>Hintergrund Info<\/strong><\/h1>\n<\/div>\n<\/div>\n\n\n\n<div class=\"wp-block-columns is-layout-flex wp-container-core-columns-is-layout-9d6595d7 wp-block-columns-is-layout-flex\">\n<div class=\"wp-block-column is-layout-flow wp-block-column-is-layout-flow\">\n<p><strong>Mit Schwung getanzt, leicht zu erlernen f\u00fcr alle &#8211; auch f\u00fcr die mit zwei linker F\u00fc\u00dfe.<\/strong><\/p>\n\n\n\n<p><strong>Auf witzige Weise schnell erkl\u00e4rt. (Deutsch oder Englisch<\/strong><\/p>\n\n\n\n<p><strong>Andy, als Caller, bringt Live-Musik oder Musikaufnahmen sowie Tonanlage mit.<\/strong><\/p>\n\n\n\n<p><strong>Besonderer Erfolg bei Hochzeiten, Geburtstagfeiern &amp; Betriebsfeste<\/strong><\/p>\n\n\n\n<p><strong>Kombinierbar mit Variet\u00e9, Unterhaltung, Lieder, Musik<\/strong><\/p>\n<\/div>\n\n\n\n<div class=\"wp-block-column is-layout-flow wp-block-column-is-layout-flow\">\n<p>Mein Program bzw. Inhalt ist gezielt auf haupts\u00e4chlich unerfahrene Tanzleute.<\/p>\n\n\n\n<p>Meine T\u00e4nze geben ein Eindruck von anspruchsvoll, sind aber einfach zu lernen. Einmal erkl\u00e4rt, einmal im schnellen Durchgang gecheckt und dann getanzt (mit meiner Begleitung).<\/p>\n\n\n\n<p>Diese T\u00e4nze habe ich \u00fcber vieler Jahren gesammelt und verfeinert w\u00e4hrend meiner Zeit als Tanzband Leader (15 Jahren) f\u00fcr viele verschiedene Callers und 15 Jahren selber als Caller. Sie beinhalte keine bestimmten Tanzschritte \/ Tanzsteps, da nach meiner Erfahrung die T\u00e4nzer und T\u00e4nzerinnen solche Schitte nicht schnell lernen k\u00f6nnen. \u00dcberforderung sollte nie auftauchen. Ich konzentriere auf<\/p>\n\n\n\n<ul class=\"wp-block-list\">\n<li>Fachwissen<\/li>\n\n\n\n<li>Trainerbegabung<\/li>\n\n\n\n<li>Humor \/ Unterhaltung<\/li>\n<\/ul>\n<\/div>\n<\/div>\n","protected":false},"excerpt":{"rendered":"<p>Partytime &amp; Spa\u00df Kreis, Gasse, Square, Mixer Zusammenfassung Hintergrund Info Mit Schwung getanzt, leicht zu erlernen f\u00fcr alle &#8211; auch f\u00fcr die mit zwei linker F\u00fc\u00dfe. Auf witzige Weise schnell erkl\u00e4rt. (Deutsch oder Englisch Andy, als Caller, bringt Live-Musik oder Musikaufnahmen sowie Tonanlage mit. Besonderer Erfolg bei Hochzeiten, Geburtstagfeiern &amp; Betriebsfeste Kombinierbar mit Variet\u00e9, Unterhaltung, &hellip; <\/p>\n<p class=\"link-more\"><a href=\"https:\/\/britishentertainment.de\/?page_id=67\" class=\"more-link\"><span class=\"screen-reader-text\">\u201eBarn und Square Tanz\u201c<\/span> weiterlesen<\/a><\/p>\n","protected":false},"author":1,"featured_media":0,"parent":0,"menu_order":0,"comment_status":"closed","ping_status":"closed","template":"","meta":{"footnotes":""},"class_list":["post-67","page","type-page","status-publish","hentry"],"_links":{"self":[{"href":"https:\/\/britishentertainment.de\/index.php?rest_route=\/wp\/v2\/pages\/67","targetHints":{"allow":["GET"]}}],"collection":[{"href":"https:\/\/britishentertainment.de\/index.php?rest_route=\/wp\/v2\/pages"}],"about":[{"href":"https:\/\/britishentertainment.de\/index.php?rest_route=\/wp\/v2\/types\/page"}],"author":[{"embeddable":true,"href":"https:\/\/britishentertainment.de\/index.php?rest_route=\/wp\/v2\/users\/1"}],"replies":[{"embeddable":true,"href":"https:\/\/britishentertainment.de\/index.php?rest_route=%2Fwp%2Fv2%2Fcomments&post=67"}],"version-history":[{"count":12,"href":"https:\/\/britishentertainment.de\/index.php?rest_route=\/wp\/v2\/pages\/67\/revisions"}],"predecessor-version":[{"id":510,"href":"https:\/\/britishentertainment.de\/index.php?rest_route=\/wp\/v2\/pages\/67\/revisions\/510"}],"wp:attachment":[{"href":"https:\/\/britishentertainment.de\/index.php?rest_route=%2Fwp%2Fv2%2Fmedia&parent=67"}],"curies":[{"name":"wp","href":"https:\/\/api.w.org\/{rel}","templated":true}]}}