{"id":7,"date":"2019-03-28T16:43:44","date_gmt":"2019-03-28T16:43:44","guid":{"rendered":"http:\/\/britishentertainment.de\/?page_id=7"},"modified":"2019-12-12T17:38:15","modified_gmt":"2019-12-12T17:38:15","slug":"slightly-piccadilly","status":"publish","type":"page","link":"https:\/\/britishentertainment.de\/?page_id=7","title":{"rendered":"Slightly Piccadilly"},"content":{"rendered":"\n<h2 class=\"wp-block-heading\" style=\"text-align:center\"><strong>SURPRISING BRITISH STUFF<\/strong><\/h2>\n\n\n\n<div class=\"wp-block-image\"><figure class=\"aligncenter\"><img loading=\"lazy\" decoding=\"async\" width=\"1024\" height=\"606\" src=\"https:\/\/britishentertainment.de\/wp-content\/uploads\/2019\/03\/Piccadilly-Sofa-Jack-1-heller-1-1024x606.jpg\" alt=\"\" class=\"wp-image-38\" srcset=\"https:\/\/britishentertainment.de\/wp-content\/uploads\/2019\/03\/Piccadilly-Sofa-Jack-1-heller-1-1024x606.jpg 1024w, https:\/\/britishentertainment.de\/wp-content\/uploads\/2019\/03\/Piccadilly-Sofa-Jack-1-heller-1-300x178.jpg 300w, https:\/\/britishentertainment.de\/wp-content\/uploads\/2019\/03\/Piccadilly-Sofa-Jack-1-heller-1-768x454.jpg 768w\" sizes=\"auto, (max-width: 767px) 89vw, (max-width: 1000px) 54vw, (max-width: 1071px) 543px, 580px\" \/><\/figure><\/div>\n\n\n\n<p style=\"text-align:left\" class=\"has-text-color has-background has-very-light-gray-color has-vivid-red-background-color\"><strong>Wer auf charmant am\u00fcsante Art Britains Kultur, Musik und Sprache kennenlernen will, ist hier genau richtig. Slightly Piccadilly schl\u00e4gt den Bogen vom traditionellen Folksong \u00fcber kulturelle Eigenarten bis hin zu echten \u00dcberraschungen. Ein durch und durch witziges Happening. Mitsingen erlaubt.<\/strong><\/p>\n\n\n\n<p> CHRISTOPH GEBHARDT &#8211; Cistern, Banjo, Contra Ba\u00df, Gitarre, Gesang<\/p>\n\n\n\n<p>ANDY REED &#8211; Gesang, Moderation, Akkordion, Gitarre<\/p>\n\n\n\n<p>TOMMY KRAUS &#8211; Fiddle, Mandolin, Banjo, Gesang<\/p>\n\n\n\n<div class=\"wp-block-columns has-2-columns is-layout-flex wp-container-core-columns-is-layout-9d6595d7 wp-block-columns-is-layout-flex\">\n<div class=\"wp-block-column is-layout-flow wp-block-column-is-layout-flow\">\n<div class=\"wp-block-button\"><a class=\"wp-block-button__link\" href=\"https:\/\/britishentertainment.de\/?page_id=84\"> <strong>Film Clips<\/strong> <\/a><\/div>\n<\/div>\n\n\n\n<div class=\"wp-block-column is-layout-flow wp-block-column-is-layout-flow\"><\/div>\n<\/div>\n\n\n\n<ul class=\"wp-block-gallery columns-3 is-cropped wp-block-gallery-1 is-layout-flex wp-block-gallery-is-layout-flex\"><li class=\"blocks-gallery-item\"><figure><img loading=\"lazy\" decoding=\"async\" width=\"732\" height=\"1024\" src=\"https:\/\/britishentertainment.de\/wp-content\/uploads\/2019\/03\/P3010049-732x1024.jpg\" alt=\"\" data-id=\"30\" data-link=\"https:\/\/britishentertainment.de\/?attachment_id=30\" class=\"wp-image-30\" srcset=\"https:\/\/britishentertainment.de\/wp-content\/uploads\/2019\/03\/P3010049-732x1024.jpg 732w, https:\/\/britishentertainment.de\/wp-content\/uploads\/2019\/03\/P3010049-214x300.jpg 214w, https:\/\/britishentertainment.de\/wp-content\/uploads\/2019\/03\/P3010049-768x1075.jpg 768w\" sizes=\"auto, (max-width: 732px) 100vw, 732px\" \/><figcaption>Christoph<\/figcaption><\/figure><\/li><li class=\"blocks-gallery-item\"><figure><img loading=\"lazy\" decoding=\"async\" width=\"1024\" height=\"575\" src=\"https:\/\/britishentertainment.de\/wp-content\/uploads\/2019\/03\/Andy-Waltzing-1024x575.jpg\" alt=\"\" data-id=\"15\" data-link=\"https:\/\/britishentertainment.de\/?attachment_id=15\" class=\"wp-image-15\" srcset=\"https:\/\/britishentertainment.de\/wp-content\/uploads\/2019\/03\/Andy-Waltzing-1024x575.jpg 1024w, https:\/\/britishentertainment.de\/wp-content\/uploads\/2019\/03\/Andy-Waltzing-300x168.jpg 300w, https:\/\/britishentertainment.de\/wp-content\/uploads\/2019\/03\/Andy-Waltzing-768x431.jpg 768w\" sizes=\"auto, (max-width: 767px) 89vw, (max-width: 1000px) 54vw, (max-width: 1071px) 543px, 580px\" \/><figcaption>Andy<\/figcaption><\/figure><\/li><li class=\"blocks-gallery-item\"><figure><img loading=\"lazy\" decoding=\"async\" width=\"586\" height=\"1024\" src=\"https:\/\/britishentertainment.de\/wp-content\/uploads\/2019\/03\/P3010051-586x1024.jpg\" alt=\"\" data-id=\"31\" data-link=\"https:\/\/britishentertainment.de\/?attachment_id=31\" class=\"wp-image-31\" srcset=\"https:\/\/britishentertainment.de\/wp-content\/uploads\/2019\/03\/P3010051-586x1024.jpg 586w, https:\/\/britishentertainment.de\/wp-content\/uploads\/2019\/03\/P3010051-172x300.jpg 172w, https:\/\/britishentertainment.de\/wp-content\/uploads\/2019\/03\/P3010051-768x1341.jpg 768w\" sizes=\"auto, (max-width: 586px) 100vw, 586px\" \/><figcaption>Tommy<\/figcaption><\/figure><\/li><\/ul>\n","protected":false},"excerpt":{"rendered":"<p>SURPRISING BRITISH STUFF Wer auf charmant am\u00fcsante Art Britains Kultur, Musik und Sprache kennenlernen will, ist hier genau richtig. Slightly Piccadilly schl\u00e4gt den Bogen vom traditionellen Folksong \u00fcber kulturelle Eigenarten bis hin zu echten \u00dcberraschungen. Ein durch und durch witziges Happening. Mitsingen erlaubt. CHRISTOPH GEBHARDT &#8211; Cistern, Banjo, Contra Ba\u00df, Gitarre, Gesang ANDY REED &#8211; &hellip; <\/p>\n<p class=\"link-more\"><a href=\"https:\/\/britishentertainment.de\/?page_id=7\" class=\"more-link\"><span class=\"screen-reader-text\">\u201eSlightly Piccadilly\u201c<\/span> weiterlesen<\/a><\/p>\n","protected":false},"author":1,"featured_media":0,"parent":0,"menu_order":0,"comment_status":"closed","ping_status":"closed","template":"","meta":{"footnotes":""},"class_list":["post-7","page","type-page","status-publish","hentry"],"_links":{"self":[{"href":"https:\/\/britishentertainment.de\/index.php?rest_route=\/wp\/v2\/pages\/7","targetHints":{"allow":["GET"]}}],"collection":[{"href":"https:\/\/britishentertainment.de\/index.php?rest_route=\/wp\/v2\/pages"}],"about":[{"href":"https:\/\/britishentertainment.de\/index.php?rest_route=\/wp\/v2\/types\/page"}],"author":[{"embeddable":true,"href":"https:\/\/britishentertainment.de\/index.php?rest_route=\/wp\/v2\/users\/1"}],"replies":[{"embeddable":true,"href":"https:\/\/britishentertainment.de\/index.php?rest_route=%2Fwp%2Fv2%2Fcomments&post=7"}],"version-history":[{"count":19,"href":"https:\/\/britishentertainment.de\/index.php?rest_route=\/wp\/v2\/pages\/7\/revisions"}],"predecessor-version":[{"id":297,"href":"https:\/\/britishentertainment.de\/index.php?rest_route=\/wp\/v2\/pages\/7\/revisions\/297"}],"wp:attachment":[{"href":"https:\/\/britishentertainment.de\/index.php?rest_route=%2Fwp%2Fv2%2Fmedia&parent=7"}],"curies":[{"name":"wp","href":"https:\/\/api.w.org\/{rel}","templated":true}]}}