{"id":70,"date":"2019-04-18T14:25:15","date_gmt":"2019-04-18T14:25:15","guid":{"rendered":"http:\/\/britishentertainment.de\/?page_id=70"},"modified":"2023-08-03T14:46:48","modified_gmt":"2023-08-03T14:46:48","slug":"kinder-mitmach-show","status":"publish","type":"page","link":"https:\/\/britishentertainment.de\/?page_id=70","title":{"rendered":"Kinder-Mitmach-Show"},"content":{"rendered":"\n<div class=\"wp-block-image\"><figure class=\"aligncenter\"><img loading=\"lazy\" decoding=\"async\" width=\"477\" height=\"1024\" src=\"https:\/\/britishentertainment.de\/wp-content\/uploads\/2019\/03\/20041006AndyReedWedemagazincolor-477x1024.jpg\" alt=\"\" class=\"wp-image-33\" srcset=\"https:\/\/britishentertainment.de\/wp-content\/uploads\/2019\/03\/20041006AndyReedWedemagazincolor-477x1024.jpg 477w, https:\/\/britishentertainment.de\/wp-content\/uploads\/2019\/03\/20041006AndyReedWedemagazincolor-140x300.jpg 140w, https:\/\/britishentertainment.de\/wp-content\/uploads\/2019\/03\/20041006AndyReedWedemagazincolor-768x1649.jpg 768w, https:\/\/britishentertainment.de\/wp-content\/uploads\/2019\/03\/20041006AndyReedWedemagazincolor.jpg 945w\" sizes=\"auto, (max-width: 477px) 100vw, 477px\" \/><\/figure><\/div>\n\n\n\n<h1 class=\"wp-block-heading\"><strong> Eine englische Welt <\/strong><\/h1>\n\n\n\n<p class=\"has-black-color has-vivid-green-cyan-background-color has-text-color has-background\"> <br><strong>Ma\u00dfgeschneiderte Shows f\u00fcr jedes Event und Alter von 4 bis 104 Jahre. Workshops f\u00fcr Jugendliche<\/strong>. <strong>Besondere Version f\u00fcr Grundschulen<\/strong> <strong>bereits 160 Mal erfolgreich durchgef\u00fchrt.<\/strong><\/p>\n\n\n\n<p class=\"has-black-color has-vivid-cyan-blue-background-color has-text-color has-background\"><strong>Aktion und Geschichten in Liedern, Englische T\u00e4nze &#8211; Unterst\u00fctzt durch Theater, Bewegung, Kost\u00fcme, Requisiten f\u00fcr volles Verstehen<\/strong><\/p>\n\n\n\n<p>W\u00e4hrend einer Show von 45 \u2013 55 Minuten singt und spricht <em><strong>jedes Kind<\/strong><\/em> etwa 1.600 englische W\u00f6rter im Kontext.<\/p>\n\n\n\n<p>F\u00fcr gro\u00dfe und kleine Gruppen. Normalerweise dauert eine Show zwischen 45 und 55 Minuten. Meistens planen Schulen Shows im Stundentakt. Show 55 Min. Gruppentausch 5 Min. Viele Schulen bevorzugen eine Show pro Klasse. Andy hat schon sechs Shows w\u00e4hrend eines Tages durchgef\u00fchrt.<\/p>\n\n\n\n<p>Die Show wird normalerweise akustisch durchgef\u00fchrt. Andy bringt alle Requisiten, Kost\u00fcme und eine Musikanlage (f\u00fcr Tanzen) mit.<\/p>\n\n\n\n<h3 class=\"wp-block-heading\"><strong>Andy Reed<\/strong><\/h3>\n\n\n\n<p>Autor, Entertainer, S\u00e4nger, Caller, Referent (Lehrerfortbildung &#8211; \u00fcber 400 Einheiten), Musiker <\/p>\n\n\n\n<p>ehemaliger<\/p>\n\n\n\n<ul class=\"wp-block-list\"><li>Grundschule: Leiter (D)<\/li><li>International School: Sekundar Koordinator (D)<\/li><li>Intergrierte Gesamtschule: Fachbereichsleiter Mathematik (UK)<\/li><li>technische \u00dcbersetzer (D)<\/li><li>Bauer (UK)<\/li><li>Au-pair M\u00e4dchen (Wien)<\/li><\/ul>\n","protected":false},"excerpt":{"rendered":"<p>Eine englische Welt Ma\u00dfgeschneiderte Shows f\u00fcr jedes Event und Alter von 4 bis 104 Jahre. Workshops f\u00fcr Jugendliche. Besondere Version f\u00fcr Grundschulen bereits 160 Mal erfolgreich durchgef\u00fchrt. Aktion und Geschichten in Liedern, Englische T\u00e4nze &#8211; Unterst\u00fctzt durch Theater, Bewegung, Kost\u00fcme, Requisiten f\u00fcr volles Verstehen W\u00e4hrend einer Show von 45 \u2013 55 Minuten singt und spricht &hellip; <\/p>\n<p class=\"link-more\"><a href=\"https:\/\/britishentertainment.de\/?page_id=70\" class=\"more-link\"><span class=\"screen-reader-text\">\u201eKinder-Mitmach-Show\u201c<\/span> weiterlesen<\/a><\/p>\n","protected":false},"author":1,"featured_media":0,"parent":0,"menu_order":0,"comment_status":"closed","ping_status":"closed","template":"","meta":{"footnotes":""},"class_list":["post-70","page","type-page","status-publish","hentry"],"_links":{"self":[{"href":"https:\/\/britishentertainment.de\/index.php?rest_route=\/wp\/v2\/pages\/70","targetHints":{"allow":["GET"]}}],"collection":[{"href":"https:\/\/britishentertainment.de\/index.php?rest_route=\/wp\/v2\/pages"}],"about":[{"href":"https:\/\/britishentertainment.de\/index.php?rest_route=\/wp\/v2\/types\/page"}],"author":[{"embeddable":true,"href":"https:\/\/britishentertainment.de\/index.php?rest_route=\/wp\/v2\/users\/1"}],"replies":[{"embeddable":true,"href":"https:\/\/britishentertainment.de\/index.php?rest_route=%2Fwp%2Fv2%2Fcomments&post=70"}],"version-history":[{"count":11,"href":"https:\/\/britishentertainment.de\/index.php?rest_route=\/wp\/v2\/pages\/70\/revisions"}],"predecessor-version":[{"id":485,"href":"https:\/\/britishentertainment.de\/index.php?rest_route=\/wp\/v2\/pages\/70\/revisions\/485"}],"wp:attachment":[{"href":"https:\/\/britishentertainment.de\/index.php?rest_route=%2Fwp%2Fv2%2Fmedia&parent=70"}],"curies":[{"name":"wp","href":"https:\/\/api.w.org\/{rel}","templated":true}]}}